{"id":38,"date":"2024-11-01T14:57:39","date_gmt":"2024-11-01T13:57:39","guid":{"rendered":"https:\/\/iqdbvsl.cluster029.hosting.ovh.net\/?page_id=38"},"modified":"2024-12-04T17:46:52","modified_gmt":"2024-12-04T16:46:52","slug":"a-propos-de-nous","status":"publish","type":"page","link":"https:\/\/Smk3at.fr\/index.php\/a-propos-de-nous\/","title":{"rendered":"\u00c0 propos de nous"},"content":{"rendered":"\t\t<div data-elementor-type=\"wp-page\" data-elementor-id=\"38\" class=\"elementor elementor-38\">\n\t\t\t\t<div class=\"elementor-element elementor-element-458a0199 e-flex e-con-boxed e-con e-parent\" data-id=\"458a0199\" data-element_type=\"container\">\n\t\t\t\t\t<div class=\"e-con-inner\">\n\t\t\t\t<div class=\"elementor-element elementor-element-742483fb elementor-widget elementor-widget-text-editor\" data-id=\"742483fb\" data-element_type=\"widget\" data-widget_type=\"text-editor.default\">\n\t\t\t\t<div class=\"elementor-widget-container\">\n\t\t\t\t\t\t\t<!-- wp:paragraph --><!-- \/wp:paragraph --><!-- wp:paragraph -->\n<p><strong>L&rsquo;entreprise<\/strong><\/p>\n<!-- \/wp:paragraph --><!-- wp:paragraph -->\n<p>Notre entreprise familiale est situ\u00e9e dans le 8e arrondissement de Paris. Fond\u00e9e en juin 2023, nous sommes sp\u00e9cialis\u00e9s dans :<\/p>\n<!-- \/wp:paragraph --><!-- wp:list -->\n<ul class=\"wp-block-list\"><!-- wp:list-item -->\n<li>La r\u00e9novation de peinture int\u00e9rieure<\/li>\n<!-- \/wp:list-item --><!-- wp:list-item -->\n<li>La pose de linol\u00e9um et de parquet pour les murs et les sols<\/li>\n<!-- \/wp:list-item --><\/ul>\n<!-- \/wp:list --><!-- wp:paragraph -->\n<p>Avec plus de 10 ans d\u2019exp\u00e9rience, nous mettons notre expertise au service de notre client\u00e8le pour offrir des services de haute qualit\u00e9.<\/p>\n<!-- \/wp:paragraph --><!-- wp:paragraph -->\n<p><strong>Notre \u00e9quipe<\/strong><\/p>\n<!-- \/wp:paragraph --><!-- wp:paragraph -->\n<p>Notre \u00e9quipe de professionnels qualifi\u00e9s est passionn\u00e9e par l\u2019am\u00e9lioration des espaces int\u00e9rieurs. Nous nous effor\u00e7ons de cr\u00e9er des environnements :<\/p>\n<!-- \/wp:paragraph --><!-- wp:list -->\n<ul class=\"wp-block-list\"><!-- wp:list-item -->\n<li>Attirants<\/li>\n<!-- \/wp:list-item --><!-- wp:list-item -->\n<li>Fonctionnels<\/li>\n<!-- \/wp:list-item --><!-- wp:list-item -->\n<li>Durables<\/li>\n<!-- \/wp:list-item --><\/ul>\n<!-- \/wp:list --><!-- wp:paragraph -->\n<p><strong>Nos valeurs<\/strong><\/p>\n<!-- \/wp:paragraph --><!-- wp:paragraph -->\n<p>Chez nous, le souci du d\u00e9tail et la satisfaction du client sont au c\u0153ur de notre d\u00e9marche. Nous sommes fiers de contribuer \u00e0 la transformation de vos espaces de vie en lieux qui :<\/p>\n<!-- \/wp:paragraph --><!-- wp:list -->\n<ul class=\"wp-block-list\"><!-- wp:list-item -->\n<li>Refl\u00e8tent votre style<\/li>\n<!-- \/wp:list-item --><!-- wp:list-item -->\n<li>R\u00e9pondent \u00e0 vos besoins<\/li>\n<!-- \/wp:list-item --><\/ul>\n<!-- \/wp:list --><!-- wp:paragraph -->\n<p><strong>Pourquoi nous choisir ?<\/strong><\/p>\n<!-- \/wp:paragraph --><!-- wp:paragraph -->\n<p>Faites-nous confiance pour vos projets de r\u00e9novation. Nous mettrons tout en \u0153uvre pour les concr\u00e9tiser selon vos attentes.<\/p>\n<!-- \/wp:paragraph -->\t\t\t\t\t\t<\/div>\n\t\t\t\t<\/div>\n\t\t\t\t\t<\/div>\n\t\t\t\t<\/div>\n\t\t\t\t<\/div>\n\t\t","protected":false},"excerpt":{"rendered":"<p>L&rsquo;entreprise Notre entreprise familiale est situ\u00e9e dans le 8e arrondissement de Paris. Fond\u00e9e en juin [&hellip;]<\/p>\n","protected":false},"author":1,"featured_media":0,"parent":0,"menu_order":0,"comment_status":"closed","ping_status":"closed","template":"","meta":{"footnotes":""},"class_list":["post-38","page","type-page","status-publish","hentry"],"_links":{"self":[{"href":"https:\/\/Smk3at.fr\/index.php\/wp-json\/wp\/v2\/pages\/38","targetHints":{"allow":["GET"]}}],"collection":[{"href":"https:\/\/Smk3at.fr\/index.php\/wp-json\/wp\/v2\/pages"}],"about":[{"href":"https:\/\/Smk3at.fr\/index.php\/wp-json\/wp\/v2\/types\/page"}],"author":[{"embeddable":true,"href":"https:\/\/Smk3at.fr\/index.php\/wp-json\/wp\/v2\/users\/1"}],"replies":[{"embeddable":true,"href":"https:\/\/Smk3at.fr\/index.php\/wp-json\/wp\/v2\/comments?post=38"}],"version-history":[{"count":5,"href":"https:\/\/Smk3at.fr\/index.php\/wp-json\/wp\/v2\/pages\/38\/revisions"}],"predecessor-version":[{"id":223,"href":"https:\/\/Smk3at.fr\/index.php\/wp-json\/wp\/v2\/pages\/38\/revisions\/223"}],"wp:attachment":[{"href":"https:\/\/Smk3at.fr\/index.php\/wp-json\/wp\/v2\/media?parent=38"}],"curies":[{"name":"wp","href":"https:\/\/api.w.org\/{rel}","templated":true}]}}